{"id":79864,"date":"2019-07-24T19:12:22","date_gmt":"2019-07-24T17:12:22","guid":{"rendered":"http:\/\/ochoequis.com\/?page_id=79864"},"modified":"2023-08-04T14:05:05","modified_gmt":"2023-08-04T12:05:05","slug":"ocho-equis-film","status":"publish","type":"page","link":"http:\/\/ochoequis.com\/","title":{"rendered":"OCHO EQUIS FILM"},"content":{"rendered":"<p>[vc_row][vc_column width=\u00a0\u00bb1\/1&Prime;][vc_column_text css=\u00a0\u00bb.vc_custom_1581974231968{margin-right: 50px !important;margin-left: 50px !important;}\u00a0\u00bb]<a name=\"accueil\"><\/a>[\/vc_column_text][vc_empty_space empty_h=\u00a0\u00bb2&Prime;][vc_column_text css=\u00a0\u00bb.vc_custom_1691150500018{margin-right: 50px !important;margin-left: 50px !important;}\u00a0\u00bb uncode_shortcode_id=\u00a0\u00bb442728&Prime;]<\/p>\n<h1 style=\"text-align: center;\">Ocho Equis Films<\/h1>\n<p style=\"text-align: center;\"><span style=\"font-size: 16pt;\">Cr\u00e9\u00e9 en 2014, Ocho Equis Films consolide la collaboration d\u00e9j\u00e0 ancienne de Marco Bentz et Brigitte Bousquet et permet de mener \u00e0 bien des projets cin\u00e9matographiques vari\u00e9s.<\/span><\/p>\n<p>[\/vc_column_text][\/vc_column][\/vc_row][vc_row][vc_column width=\u00a0\u00bb1\/6&Prime;][\/vc_column][vc_column width=\u00a0\u00bb5\/6&Prime;][vc_row_inner][vc_column_inner width=\u00a0\u00bb1\/4&Prime;][vc_button button_color=\u00a0\u00bbcolor-prif\u00a0\u00bb size=\u00a0\u00bbbtn-sm\u00a0\u00bb border_width=\u00a0\u00bb0&Prime; link=\u00a0\u00bburl:http%3A%2F%2Fochoequis.com%2F%3Fpage_id%3D747|title:Les%20Films||\u00a0\u00bb]Films[\/vc_button][\/vc_column_inner][vc_column_inner width=\u00a0\u00bb1\/4&Prime;][vc_button size=\u00a0\u00bbbtn-sm\u00a0\u00bb border_width=\u00a0\u00bb0&Prime; link=\u00a0\u00bburl:http%3A%2F%2Fochoequis.com%2F%3Fpage_id%3D609|||\u00a0\u00bb]Ateliers[\/vc_button][\/vc_column_inner][vc_column_inner width=\u00a0\u00bb1\/4&Prime;][vc_button size=\u00a0\u00bbbtn-sm\u00a0\u00bb border_width=\u00a0\u00bb0&Prime; link=\u00a0\u00bburl:http%3A%2F%2Fochoequis.com%2F%3Fpage_id%3D81554|title:Les%20Expos||\u00a0\u00bb]Expos[\/vc_button][\/vc_column_inner][vc_column_inner width=\u00a0\u00bb1\/4&Prime;][vc_button button_color=\u00a0\u00bbcolor-prif\u00a0\u00bb size=\u00a0\u00bbbtn-sm\u00a0\u00bb border_width=\u00a0\u00bb0&Prime; link=\u00a0\u00bburl:http%3A%2F%2Fochoequis.com%2F%3Fpage_id%3D80455|title:Los%20muertos%20no%20quieren%20nadar%20(Les%20morts%20ne%20veulent%20pas%20nager)||\u00a0\u00bb]Profils[\/vc_button][\/vc_column_inner][\/vc_row_inner][\/vc_column][\/vc_row][vc_row][vc_column width=\u00a0\u00bb1\/1&Prime;][layerslider_vc id=\u00a0\u00bb2&Prime;][vc_empty_space empty_h=\u00a0\u00bb2&Prime;][\/vc_column][\/vc_row]<\/p>\n","protected":false},"excerpt":{"rendered":"<p>[vc_row][vc_column width=\u00a0\u00bb1\/1&Prime;][vc_column_text css=\u00a0\u00bb.vc_custom_1581974231968{margin-right: 50px !important;margin-left: 50px !important;}\u00a0\u00bb][\/vc_column_text][vc_empty_space empty_h=\u00a0\u00bb2&Prime;][vc_column_text css=\u00a0\u00bb.vc_custom_1691150500018{margin-right: 50px !important;margin-left: 50px !important;}\u00a0\u00bb uncode_shortcode_id=\u00a0\u00bb442728&Prime;] Ocho Equis Films Cr\u00e9\u00e9 en 2014, [&hellip;]<\/p>\n","protected":false},"author":1,"featured_media":0,"parent":0,"menu_order":0,"comment_status":"closed","ping_status":"closed","template":"","meta":[],"_links":{"self":[{"href":"http:\/\/ochoequis.com\/index.php?rest_route=\/wp\/v2\/pages\/79864"}],"collection":[{"href":"http:\/\/ochoequis.com\/index.php?rest_route=\/wp\/v2\/pages"}],"about":[{"href":"http:\/\/ochoequis.com\/index.php?rest_route=\/wp\/v2\/types\/page"}],"author":[{"embeddable":true,"href":"http:\/\/ochoequis.com\/index.php?rest_route=\/wp\/v2\/users\/1"}],"replies":[{"embeddable":true,"href":"http:\/\/ochoequis.com\/index.php?rest_route=%2Fwp%2Fv2%2Fcomments&post=79864"}],"version-history":[{"count":92,"href":"http:\/\/ochoequis.com\/index.php?rest_route=\/wp\/v2\/pages\/79864\/revisions"}],"predecessor-version":[{"id":81898,"href":"http:\/\/ochoequis.com\/index.php?rest_route=\/wp\/v2\/pages\/79864\/revisions\/81898"}],"wp:attachment":[{"href":"http:\/\/ochoequis.com\/index.php?rest_route=%2Fwp%2Fv2%2Fmedia&parent=79864"}],"curies":[{"name":"wp","href":"https:\/\/api.w.org\/{rel}","templated":true}]}}